{"id":33,"date":"2025-11-10T18:37:33","date_gmt":"2025-11-10T18:37:33","guid":{"rendered":"https:\/\/rezidencegreenhouse.cz\/?page_id=33"},"modified":"2025-11-26T21:25:08","modified_gmt":"2025-11-26T21:25:08","slug":"pozvanka","status":"publish","type":"page","link":"https:\/\/www.rezidencegreenhouse.cz\/index.php\/pozvanka\/","title":{"rendered":"Pozv\u00e1nka"},"content":{"rendered":"\n<p>rezidencegreenhouse<\/p>\n\n\n\n<p>Spole\u010denstv\u00ed vlastn\u00edk\u016f jednotek domu \u010d.p. 2433, v&nbsp;ulici Drahobejlova, Praha 9, Libe\u0148<\/p>\n\n\n\n<p>(d\u00e1le jen \u201eSpole\u010denstv\u00ed\u201c)<\/p>\n\n\n\n<p><strong>POZV\u00c1NKA<\/strong><\/p>\n\n\n\n<p>V&nbsp;souladu se stanovami Spole\u010denstv\u00ed<\/p>\n\n\n\n<p>SVOL\u00c1V\u00c1ME<\/p>\n\n\n\n<p>SHROM\u00c1\u017dD\u011aN\u00cd VLASTN\u00cdK\u016e JEDNOTEK DOMU \u010d.p. 2433, se s\u00eddlem<\/p>\n\n\n\n<p>Drahobejlova 2433\/12, 190 00 Praha 9 \u2013 Libe\u0148, I\u010c: 242 76 715<\/p>\n\n\n\n<p><strong>Term\u00edn kon\u00e1n\u00ed:<\/strong>&nbsp;27. 11. 2025 v&nbsp;18:00 hodin (registrace od 17:45 hodin)<\/p>\n\n\n\n<p><strong>M\u00edsto kon\u00e1n\u00ed:<\/strong>&nbsp;BESEDER GALLERY Lihovarsk\u00e1 12, Praha 9<\/p>\n\n\n\n<p><strong>V\u00e1\u017een\u00ed vlastn\u00edci, Va\u0161e \u00fa\u010dast na shrom\u00e1\u017ed\u011bn\u00ed je d\u016fle\u017eit\u00e1. V&nbsp;p\u0159\u00edpad\u011b, \u017ee se nem\u016f\u017eete z\u00fa\u010dastnit, zplnomocn\u011bte sv\u00e9ho z\u00e1stupce, umo\u017en\u011bte tak usn\u00e1\u0161en\u00edschopnost shrom\u00e1\u017ed\u011bn\u00ed.<\/strong><\/p>\n\n\n\n<p><strong>V&nbsp;p\u0159\u00edpad\u011b, \u017ee se jednotka nach\u00e1z\u00ed ve spole\u010dn\u00e9m jm\u011bn\u00ed man\u017eel\u016f nebo ve spoluvlastnictv\u00ed, je nutn\u00e9, aby v\u00fdkon hlasovac\u00edch pr\u00e1v za jednu jednotku, vykon\u00e1val pouze jeden ze zvolen\u00fdch man\u017eel\u016f \/ spoluvlastn\u00edk\u016f, a to na z\u00e1klad\u011b p\u00edsemn\u00e9 pln\u00e9 moci.<\/strong><\/p>\n\n\n\n<p><strong>Vzhledem k&nbsp;tomu, \u017ee v\u00fdbor&nbsp;<u>nedisponuje informac\u00ed o zmocn\u011bn\u00ed spole\u010dn\u00e9ho z\u00e1stupce spoluvlastn\u00edk\u016f jednotky \u010d. 2433\/103<\/u>&nbsp;navrhuje, pro p\u0159\u00edpad, \u017ee tento spole\u010dn\u00fd z\u00e1stupce nebude zmocn\u011bn ostatn\u00edmi spoluvlastn\u00edky jednotky \u010d. 2433\/103 p\u0159ed kon\u00e1n\u00edm tohoto shrom\u00e1\u017ed\u011bn\u00ed, aby do\u0161lo je\u0161t\u011b p\u0159ed zah\u00e1jen\u00edm tohoto shrom\u00e1\u017ed\u011bn\u00ed k&nbsp;volb\u011b tohoto z\u00e1stupce, a&nbsp;<u>proto se spoluvlastn\u00edci t\u00e9to jednotky za \u00fa\u010delem volby tohoto z\u00e1stupce dostavte v&nbsp;17:30 na m\u00edsto kon\u00e1n\u00ed shrom\u00e1\u017ed\u011bn\u00ed.<\/u><\/strong><\/p>\n\n\n\n<p>Prezence k samotn\u00e9mu shrom\u00e1\u017ed\u011bn\u00ed s&nbsp;n\u00ed\u017ee uveden\u00fdm programem pak prob\u011bhne od 17:45. Pros\u00edme, p\u0159ij\u010fte v\u010das, aby shrom\u00e1\u017ed\u011bn\u00ed mohlo b\u00fdt v\u010das zah\u00e1jeno. D\u011bkujeme za V\u00e1\u0161 aktivn\u00ed z\u00e1jem a pochopen\u00ed.<\/p>\n\n\n\n<p><strong>Program jedn\u00e1n\u00ed:<\/strong><\/p>\n\n\n\n<ol class=\"wp-block-list\">\n<li>Prezence, p\u0159edstaven\u00ed jednac\u00edho \u0159\u00e1du a programu shrom\u00e1\u017ed\u011bn\u00ed, schv\u00e1len\u00ed programu shrom\u00e1\u017ed\u011bn\u00ed<\/li>\n\n\n\n<li>Volba p\u0159edsedaj\u00edc\u00edho, zapisovatele, ov\u011b\u0159ovatele a s\u010ditatele hlas\u016f (skrut\u00e1tora)<\/li>\n\n\n\n<li>Zpr\u00e1va ohledn\u011b spr\u00e1vy budovy<\/li>\n\n\n\n<li>Usnesen\u00ed o schv\u00e1len\u00ed \u00fa\u010detn\u00ed z\u00e1v\u011brky za rok 2024\n<ul class=\"wp-block-list\">\n<li><a href=\"https:\/\/rezidencegreenhouse.cz\/wp-content\/uploads\/2025\/11\/domsys_P%C5%99ehled_n%C3%A1klad%C5%AF_dle_slo%C5%BEek_2024_2025-10-27.pdf\">U\u010detn\u00ed uz\u00e1v\u011brka roku 2024<\/a><\/li>\n\n\n\n<li><a href=\"https:\/\/rezidencegreenhouse.cz\/wp-content\/uploads\/2025\/11\/domsys_Prehled_nakladu_dle_slozek_2025_2025-10-27.pdf\">Prehled nakladu 202<\/a>5<\/li>\n\n\n\n<li><\/li>\n<\/ul>\n<\/li>\n\n\n\n<li>Usnesen\u00ed o schv\u00e1len\u00ed finan\u010dn\u00edho pl\u00e1nu a z\u00e1loh pro rok 2026<\/li>\n\n\n\n<li>Volba nov\u00e9ho v\u00fdboru \/ prodlou\u017een\u00ed mand\u00e1tu st\u00e1vaj\u00edc\u00edho \/ odvol\u00e1n\u00ed st\u00e1vaj\u00edc\u00edho<\/li>\n\n\n\n<li>V\u00fdmalba spole\u010dn\u00fdch prostor\n<ul class=\"wp-block-list\">\n<li><a href=\"https:\/\/rezidencegreenhouse.cz\/wp-content\/uploads\/2025\/11\/NabidkaMalovani2025.docx\">nab\u00eddka<\/a><\/li>\n<\/ul>\n<\/li>\n\n\n\n<li>Kamerov\u00fd syst\u00e9m\n<ul class=\"wp-block-list\">\n<li>Zva\u017eujeme vyu\u017e\u00edt slu\u017ebu&nbsp;<a href=\"https:\/\/www.kamerylegalne.cz\/\" target=\"_blank\" rel=\"noreferrer noopener\">GDPR Legalizace kamerov\u00fdch syst\u00e9m\u016f | kamerylegalne.cz<\/a><\/li>\n\n\n\n<li>Nab\u00eddky instalace a monitoring 4 kamer a z\u00e1znamu spole\u010dn\u00fdch prostor <br>Firem: <a href=\"https:\/\/rezidencegreenhouse.cz\/wp-content\/uploads\/2025\/11\/Escadtrade-nabidka-4-Kamer.pdf\" data-type=\"attachment\" data-id=\"63\">EscadTrade s.r.o<\/a> , <a href=\"https:\/\/rezidencegreenhouse.cz\/wp-content\/uploads\/2025\/11\/Komunikacni-site-4Ks-Kamer-NVR.pdf\" data-type=\"attachment\" data-id=\"62\">Komunika\u010dn\u00ed sit\u011b s.r.o.<\/a> -nab\u00eddky  v odkaze<\/li>\n<\/ul>\n<\/li>\n\n\n\n<li>V\u00fdm\u011bna vstupn\u00edch dve\u0159\u00ed<\/li>\n\n\n\n<li>Optick\u00fd kabel a rozvod v dom\u011b<\/li>\n\n\n\n<li>Rozvoj FVE<\/li>\n\n\n\n<li>Praskliny v&nbsp;gar\u00e1\u017e\u00edch, stoj\u00edc\u00ed voda a \u0159e\u0161en\u00ed\n<ul class=\"wp-block-list\">\n<li><a href=\"https:\/\/rezidencegreenhouse.cz\/wp-content\/uploads\/2025\/11\/EpoxidovaSterka_25NA00002.pdf\">cen.kalkulace<\/a><\/li>\n<\/ul>\n<\/li>\n\n\n\n<li>Sezn\u00e1men\u00ed se syst\u00e9mem MeterHUB (ode\u010det vodom\u011br\u016f a kalorimetr\u016f)\n<ul class=\"wp-block-list\">\n<li>Informace o ode\u010dtech vody a tepla jsme p\u0159ipravili aplikaci&nbsp;<a href=\"https:\/\/meterhub.rezidencegreenhouse.cz\/\">MeterHUB<\/a>&nbsp;ji\u017e nyn\u00ed k registraci. (ostatn\u00ed sezn\u00e1men\u00ed na sch\u016fzi)<\/li>\n<\/ul>\n<\/li>\n\n\n\n<li>St\u0159\u00ed\u0161ka nad vstupem do jednotky 212<\/li>\n\n\n\n<li>Voln\u00e1 t\u00e9mata<\/li>\n<\/ol>\n\n\n\n<p>\u010clenov\u00e9 Spole\u010denstv\u00ed se mohou sezn\u00e1mit s&nbsp;podklady, kter\u00e9 nebudou k&nbsp;pozv\u00e1nce p\u0159ipojeny v&nbsp;klientsk\u00e9 sekci port\u00e1lu Prague Property Management, a.s. na webov\u00e9 str\u00e1nce&nbsp;<a href=\"http:\/\/www.ppmas.cz\/\">www.ppmas.cz<\/a>, v z\u00e1lo\u017ece \u201eDOKUMENTY\u201c. K&nbsp;p\u0159ihl\u00e1\u0161en\u00ed do webov\u00e9 aplikace je nutn\u00e9 pou\u017e\u00edt sv\u00e9 ji\u017e d\u0159\u00edve obdr\u017een\u00e9 p\u0159ihla\u0161ovac\u00ed \u00fadaje, \u010di kontaktovat helpdesk EDA na tel. 775&nbsp;885&nbsp;885 pro vygenerov\u00e1n\u00ed nov\u00e9ho hesla. Dokumenty jsou z\u00e1rove\u0148 p\u0159\u00edstupn\u00e9 na adrese&nbsp;<a href=\"https:\/\/www.rezidencegreenhouse.cz\/\">https:\/\/www.rezidencegreenhouse.cz<\/a>.<\/p>\n\n\n\n<p>V&nbsp;Praze dne 30.10.2025<\/p>\n\n\n\n<p>Za PPM a.s.&nbsp;&nbsp;&nbsp;&nbsp;&nbsp;&nbsp;&nbsp;&nbsp;&nbsp;&nbsp;&nbsp;&nbsp;&nbsp;&nbsp;&nbsp;&nbsp;&nbsp;&nbsp;&nbsp;&nbsp;&nbsp;&nbsp;&nbsp;&nbsp;&nbsp;&nbsp;&nbsp;&nbsp;&nbsp;&nbsp;&nbsp;&nbsp;&nbsp;&nbsp;&nbsp;&nbsp;&nbsp;&nbsp;&nbsp; &nbsp;&nbsp;&nbsp;&nbsp;&nbsp;&nbsp;&nbsp;&nbsp;&nbsp;&nbsp;&nbsp;&nbsp;&nbsp;&nbsp;&nbsp;&nbsp;&nbsp;&nbsp;&nbsp;&nbsp;&nbsp;&nbsp;&nbsp;&nbsp;&nbsp;&nbsp;&nbsp;&nbsp;&nbsp;&nbsp;&nbsp;&nbsp;&nbsp;&nbsp;&nbsp;&nbsp;&nbsp;&nbsp;&nbsp;&nbsp;&nbsp;&nbsp;&nbsp;&nbsp;&nbsp;&nbsp;&nbsp;&nbsp;&nbsp;&nbsp;&nbsp;&nbsp;&nbsp;&nbsp;&nbsp;&nbsp;&nbsp;&nbsp;&nbsp;&nbsp;&nbsp;&nbsp;&nbsp;&nbsp;&nbsp;&nbsp;&nbsp;&nbsp;&nbsp;&nbsp;&nbsp;&nbsp;&nbsp;&nbsp;&nbsp;&nbsp;&nbsp;&nbsp;&nbsp;&nbsp;&nbsp;&nbsp;&nbsp;&nbsp;&nbsp;&nbsp; Za v\u00fdbor Spole\u010denstv\u00ed&nbsp;&nbsp;&nbsp;&nbsp;&nbsp;&nbsp;&nbsp;&nbsp;&nbsp;&nbsp;&nbsp;&nbsp;&nbsp;&nbsp;&nbsp;&nbsp;&nbsp;&nbsp;&nbsp;&nbsp;&nbsp;&nbsp;&nbsp;&nbsp;&nbsp;&nbsp;&nbsp;&nbsp;&nbsp;&nbsp;&nbsp;&nbsp;<\/p>\n\n\n\n<p>Luk\u00e1\u0161 Petr\u00edk&nbsp;&nbsp;&nbsp;&nbsp;&nbsp;&nbsp;&nbsp;&nbsp;&nbsp;&nbsp;&nbsp;&nbsp;&nbsp;&nbsp;&nbsp;&nbsp;&nbsp;&nbsp;&nbsp;&nbsp;&nbsp;&nbsp;&nbsp;&nbsp;&nbsp;&nbsp;&nbsp;&nbsp;&nbsp;&nbsp;&nbsp;&nbsp;&nbsp;&nbsp;&nbsp;&nbsp;&nbsp;&nbsp;&nbsp;&nbsp;&nbsp;&nbsp;&nbsp;&nbsp;&nbsp;&nbsp;&nbsp;&nbsp;&nbsp;&nbsp; &nbsp;&nbsp;&nbsp;&nbsp;&nbsp;&nbsp;&nbsp;&nbsp;&nbsp;&nbsp;&nbsp;&nbsp;&nbsp;&nbsp;&nbsp;&nbsp;&nbsp;&nbsp;&nbsp;&nbsp;&nbsp;&nbsp;&nbsp;&nbsp;&nbsp;&nbsp;&nbsp;&nbsp;&nbsp;&nbsp;&nbsp;&nbsp;&nbsp;&nbsp;&nbsp;&nbsp;&nbsp;&nbsp;&nbsp;&nbsp;&nbsp;&nbsp;&nbsp;&nbsp;&nbsp;&nbsp;&nbsp;&nbsp;&nbsp;&nbsp;&nbsp;&nbsp;&nbsp;&nbsp;&nbsp;&nbsp;&nbsp;&nbsp;&nbsp;&nbsp;&nbsp;&nbsp;&nbsp;Ing. Pavel Jare\u0161&nbsp;&nbsp;&nbsp;&nbsp;&nbsp;&nbsp;&nbsp;&nbsp;&nbsp;&nbsp;&nbsp;&nbsp;&nbsp;&nbsp;&nbsp;&nbsp;&nbsp;&nbsp;&nbsp;&nbsp;&nbsp;&nbsp;&nbsp;&nbsp;&nbsp;&nbsp;&nbsp;&nbsp;&nbsp;&nbsp;&nbsp;&nbsp;&nbsp; &nbsp;&nbsp;&nbsp;&nbsp;&nbsp;&nbsp;&nbsp;&nbsp;&nbsp;&nbsp;&nbsp;&nbsp;&nbsp;&nbsp;&nbsp; &nbsp;&nbsp;&nbsp;&nbsp;&nbsp;&nbsp;&nbsp;&nbsp;&nbsp;&nbsp;&nbsp;&nbsp;&nbsp;&nbsp;&nbsp;&nbsp;&nbsp;&nbsp;&nbsp;&nbsp;&nbsp;&nbsp;&nbsp;&nbsp;&nbsp;&nbsp;&nbsp;&nbsp;&nbsp;&nbsp;&nbsp;&nbsp;&nbsp;&nbsp;&nbsp;&nbsp;&nbsp;&nbsp;&nbsp;&nbsp;&nbsp;&nbsp;&nbsp;&nbsp;&nbsp;&nbsp;&nbsp;&nbsp;&nbsp;&nbsp;&nbsp;&nbsp;&nbsp;&nbsp;&nbsp;&nbsp;&nbsp;&nbsp;&nbsp;&nbsp;&nbsp;&nbsp;&nbsp;&nbsp;&nbsp;&nbsp;&nbsp;&nbsp;&nbsp;&nbsp;&nbsp;&nbsp;&nbsp;&nbsp;&nbsp;&nbsp;&nbsp;&nbsp;&nbsp;&nbsp;&nbsp;&nbsp;&nbsp;&nbsp;&nbsp;&nbsp;&nbsp;&nbsp;&nbsp;&nbsp;&nbsp;&nbsp;&nbsp;&nbsp;&nbsp;&nbsp;&nbsp;&nbsp;&nbsp;&nbsp;&nbsp;&nbsp;&nbsp;&nbsp; &nbsp;&nbsp;&nbsp;&nbsp;&nbsp;&nbsp;&nbsp;&nbsp;&nbsp;&nbsp;&nbsp;&nbsp;Martin Kup\u010da<\/p>\n\n\n\n<h3 class=\"wp-block-heading\" id=\"reply-title\">Napsat koment\u00e1\u0159<\/h3>\n","protected":false},"excerpt":{"rendered":"<p>rezidencegreenhouse Spole\u010denstv\u00ed vlastn\u00edk\u016f jednotek domu \u010d.p. 2433, v&nbsp;ulici Drahobejlova, Praha 9, Libe\u0148 (d\u00e1le jen \u201eSpole\u010denstv\u00ed\u201c) POZV\u00c1NKA V&nbsp;souladu se stanovami Spole\u010denstv\u00ed SVOL\u00c1V\u00c1ME SHROM\u00c1\u017dD\u011aN\u00cd VLASTN\u00cdK\u016e JEDNOTEK DOMU \u010d.p. 2433, se s\u00eddlem Drahobejlova 2433\/12, 190 00 Praha 9 \u2013 Libe\u0148, I\u010c: 242 76 715 Term\u00edn kon\u00e1n\u00ed:&nbsp;27. 11. 2025 v&nbsp;18:00 hodin (registrace od 17:45 hodin) M\u00edsto kon\u00e1n\u00ed:&nbsp;BESEDER GALLERY Lihovarsk\u00e1 [&hellip;]<\/p>\n","protected":false},"author":1,"featured_media":0,"parent":0,"menu_order":0,"comment_status":"closed","ping_status":"closed","template":"","meta":{"footnotes":""},"class_list":["post-33","page","type-page","status-publish","hentry"],"_links":{"self":[{"href":"https:\/\/www.rezidencegreenhouse.cz\/index.php\/wp-json\/wp\/v2\/pages\/33","targetHints":{"allow":["GET"]}}],"collection":[{"href":"https:\/\/www.rezidencegreenhouse.cz\/index.php\/wp-json\/wp\/v2\/pages"}],"about":[{"href":"https:\/\/www.rezidencegreenhouse.cz\/index.php\/wp-json\/wp\/v2\/types\/page"}],"author":[{"embeddable":true,"href":"https:\/\/www.rezidencegreenhouse.cz\/index.php\/wp-json\/wp\/v2\/users\/1"}],"replies":[{"embeddable":true,"href":"https:\/\/www.rezidencegreenhouse.cz\/index.php\/wp-json\/wp\/v2\/comments?post=33"}],"version-history":[{"count":2,"href":"https:\/\/www.rezidencegreenhouse.cz\/index.php\/wp-json\/wp\/v2\/pages\/33\/revisions"}],"predecessor-version":[{"id":64,"href":"https:\/\/www.rezidencegreenhouse.cz\/index.php\/wp-json\/wp\/v2\/pages\/33\/revisions\/64"}],"wp:attachment":[{"href":"https:\/\/www.rezidencegreenhouse.cz\/index.php\/wp-json\/wp\/v2\/media?parent=33"}],"curies":[{"name":"wp","href":"https:\/\/api.w.org\/{rel}","templated":true}]}}